{"id":983,"date":"2018-03-09T12:50:00","date_gmt":"2018-03-09T12:50:00","guid":{"rendered":"https:\/\/refugiodelneusa.com\/index.php\/contact\/"},"modified":"2022-10-17T17:41:17","modified_gmt":"2022-10-17T17:41:17","slug":"contact","status":"publish","type":"page","link":"https:\/\/refugiodelneusa.com\/index.php\/contact\/","title":{"rendered":"Contact"},"content":{"rendered":"\n\n\t\t\t<h4>Contactanos<\/h4><h2>Deseas organizar un evento corporativo o alguna celebraci\u00f3n especial.<\/h2>\t\t\t\n\t<h2>\n\t\t\t\tEsperamos tu solicitud\n\t\t\t<\/h2>\n\t\t\t<p>El Refugio del Neusa es un complejo ecotur\u00edstico ubicado 3.000 metros m\u00e1s cerca de las estrellas, lejos del ruido de la ciudad, ideal para el descanso y la conexi\u00f3n con la naturaleza.<\/p>\t\n\t<ul>\n\t\t<li>\t\t\t\t\n\t\tRefugio del Neusa, Tausa, Cundinamarca<\/li><li>\t\t\t\t\n\t\t+57 315 766 0292<\/li><li>\t\t\t\t\n\t\tinfo@refugiodelneusa.com<\/li>\t<\/ul>\n\t<iframe src=\"https:\/\/www.google.com\/maps\/embed?pb=!1m14!1m8!1m3!1d15894.305728906586!2d-73.9636204!3d5.1716219!3m2!1i1024!2i768!4f13.1!3m3!1m2!1s0x0%3A0x1d897901ea350f22!2sRefugio%20del%20Neusa!5e0!3m2!1ses!2sco!4v1664836011923!5m2!1ses!2sco\" width=\"600\" height=\"450\" allowfullscreen=\"\" loading=\"lazy\" referrerpolicy=\"no-referrer-when-downgrade\"><\/iframe>\n\t<h2>\n\t\t\t\tDiligencia\n\t\t\t<\/h2>\n\t\t\t<p>Un entorno natural con muchos \u00e1rboles alrededor, pajaritos cantando, al fondo percibes el murmullo de animales, el viento roza tus mejillas, cantan hojas cayendo de los arboles, las nubes dinamizan y te elevan, no hay diferencia entre el espacio y tiempo.<\/p>\t\n\t<div class=\"wpforms-container \" id=\"wpforms-8\"><form id=\"wpforms-form-8\" class=\"wpforms-validate wpforms-form\" data-formid=\"8\" method=\"post\" enctype=\"multipart\/form-data\" action=\"\/index.php\/wp-json\/wp\/v2\/pages\/983\" data-token=\"601960afa67c424515e4743ec9d279f5\"><noscript class=\"wpforms-error-noscript\">Por favor, activa JavaScript en tu navegador para completar este formulario.<\/noscript><div class=\"wpforms-field-container\"><div id=\"wpforms-8-field_0-container\" class=\"wpforms-field wpforms-field-name\" data-field-id=\"0\"><label class=\"wpforms-field-label wpforms-label-hide\" for=\"wpforms-8-field_0\">Nombre <span class=\"wpforms-required-label\">*<\/span><\/label><input type=\"text\" id=\"wpforms-8-field_0\" class=\"wpforms-field-large wpforms-field-required\" name=\"wpforms[fields][0]\" placeholder=\"Name\" required><\/div><div id=\"wpforms-8-field_1-container\" class=\"wpforms-field wpforms-field-email\" data-field-id=\"1\"><label class=\"wpforms-field-label wpforms-label-hide\" for=\"wpforms-8-field_1\">Email <span class=\"wpforms-required-label\">*<\/span><\/label><input type=\"email\" id=\"wpforms-8-field_1\" class=\"wpforms-field-large wpforms-field-required\" name=\"wpforms[fields][1]\" placeholder=\"Email\" spellcheck=\"false\" required><\/div><div id=\"wpforms-8-field_5-container\" class=\"wpforms-field wpforms-field-number\" data-field-id=\"5\"><label class=\"wpforms-field-label\" for=\"wpforms-8-field_5\">N\u00famero de Telefono<\/label><input type=\"number\" pattern=\"\\d*\" id=\"wpforms-8-field_5\" class=\"wpforms-field-medium\" name=\"wpforms[fields][5]\" ><\/div><div id=\"wpforms-8-field_4-container\" class=\"wpforms-field wpforms-field-name\" data-field-id=\"4\"><label class=\"wpforms-field-label wpforms-label-hide\" for=\"wpforms-8-field_4\">Asunto <span class=\"wpforms-required-label\">*<\/span><\/label><input type=\"text\" id=\"wpforms-8-field_4\" class=\"wpforms-field-large wpforms-field-required\" name=\"wpforms[fields][4]\" placeholder=\"Subject\" required><\/div><div id=\"wpforms-8-field_2-container\" class=\"wpforms-field wpforms-field-textarea\" data-field-id=\"2\"><label class=\"wpforms-field-label wpforms-label-hide\" for=\"wpforms-8-field_2\">Mensaje <span class=\"wpforms-required-label\">*<\/span><\/label><textarea id=\"wpforms-8-field_2\" class=\"wpforms-field-medium wpforms-field-required\" name=\"wpforms[fields][2]\" placeholder=\"Message\" required><\/textarea><\/div><\/div><!-- .wpforms-field-container --><div class=\"wpforms-field wpforms-field-hp\"><label for=\"wpforms-8-field-hp\" class=\"wpforms-field-label\">Comment<\/label><input type=\"text\" name=\"wpforms[hp]\" id=\"wpforms-8-field-hp\" class=\"wpforms-field-medium\"><\/div><div class=\"wpforms-submit-container\" ><input type=\"hidden\" name=\"wpforms[id]\" value=\"8\"><input type=\"hidden\" name=\"wpforms[author]\" value=\"1\"><button type=\"submit\" name=\"wpforms[submit]\" id=\"wpforms-submit-8\" class=\"wpforms-submit\" data-alt-text=\"Sending...\" data-submit-text=\"ENVIAR\" aria-live=\"assertive\" value=\"wpforms-submit\">ENVIAR<\/button><\/div><\/form><\/div>  <!-- .wpforms-container -->\t\n\n","protected":false},"excerpt":{"rendered":"<p>Contactanos Deseas organizar un evento corporativo o alguna celebraci\u00f3n especial. Esperamos tu solicitud El Refugio del Neusa es un complejo ecotur\u00edstico ubicado 3.000 metros m\u00e1s cerca de las estrellas, lejos del ruido de la ciudad, ideal para el descanso y la conexi\u00f3n con la naturaleza. Refugio del Neusa, Tausa, Cundinamarca +57 315 766 0292 info@refugiodelneusa.com &hellip;<\/p>\n<p class=\"read-more\"> <a class=\"\" href=\"https:\/\/refugiodelneusa.com\/index.php\/contact\/\"> <span class=\"screen-reader-text\">Contact<\/span> Leer m\u00e1s &raquo;<\/a><\/p>\n","protected":false},"author":1,"featured_media":0,"parent":0,"menu_order":0,"comment_status":"closed","ping_status":"closed","template":"","meta":{"om_disable_all_campaigns":false,"_monsterinsights_skip_tracking":false,"_monsterinsights_sitenote_active":false,"_monsterinsights_sitenote_note":"","_monsterinsights_sitenote_category":0,"_joinchat":[],"footnotes":""},"class_list":["post-983","page","type-page","status-publish","hentry"],"aioseo_notices":[],"_links":{"self":[{"href":"https:\/\/refugiodelneusa.com\/index.php\/wp-json\/wp\/v2\/pages\/983","targetHints":{"allow":["GET"]}}],"collection":[{"href":"https:\/\/refugiodelneusa.com\/index.php\/wp-json\/wp\/v2\/pages"}],"about":[{"href":"https:\/\/refugiodelneusa.com\/index.php\/wp-json\/wp\/v2\/types\/page"}],"author":[{"embeddable":true,"href":"https:\/\/refugiodelneusa.com\/index.php\/wp-json\/wp\/v2\/users\/1"}],"replies":[{"embeddable":true,"href":"https:\/\/refugiodelneusa.com\/index.php\/wp-json\/wp\/v2\/comments?post=983"}],"version-history":[{"count":5,"href":"https:\/\/refugiodelneusa.com\/index.php\/wp-json\/wp\/v2\/pages\/983\/revisions"}],"predecessor-version":[{"id":1145,"href":"https:\/\/refugiodelneusa.com\/index.php\/wp-json\/wp\/v2\/pages\/983\/revisions\/1145"}],"wp:attachment":[{"href":"https:\/\/refugiodelneusa.com\/index.php\/wp-json\/wp\/v2\/media?parent=983"}],"curies":[{"name":"wp","href":"https:\/\/api.w.org\/{rel}","templated":true}]}}