{"id":1295,"date":"2022-10-27T18:08:28","date_gmt":"2022-10-27T18:08:28","guid":{"rendered":"https:\/\/refugiodelneusa.com\/?page_id=1295"},"modified":"2023-06-13T01:49:54","modified_gmt":"2023-06-13T01:49:54","slug":"politicas-de-mascotas","status":"publish","type":"page","link":"https:\/\/refugiodelneusa.com\/index.php\/politicas-de-mascotas\/","title":{"rendered":"Pol\u00edticas de mascotas"},"content":{"rendered":"\n\n\t<p>POLITICAS Y REGLAMENTO PARA MASCOTAS EN EL REFUGIO<\/p>\n<p>Amamos las mascotas, nosotros tenemos las nuestras tambi\u00e9n y sabemos que tu mascota es un miembro m\u00e1s de tu familia, y entendemos que tu viaje no ser\u00eda lo mismo sin el o ella, por eso te permitimos traerla cumpliendo estrictamente con las siguientes reglas:<\/p>\n<p>La tenencia de animales silvestres o salvajes est\u00e1 prohibida en Colombia, en nuestro Refugio somos consecuentes con esta norma, de esta manera preservamos la fauna y la seguridad de nuestros hu\u00e9spedes, por esta raz\u00f3n solamente se permite animales dom\u00e9sticos.<\/p>\n<p>A partir del 30 de enero de 2017 el gobierno nacional ha dispuesto el nuevo C\u00f3digo de Polic\u00eda que permite mantener el orden por medio de la Ley 746 del 2002, que busca regular la tenencia de ejemplares caninos en las zonas urbanas, rurales, en v\u00edas p\u00fablicas, en lugares abiertos al p\u00fablico y transporte p\u00fablico en que sea permitida su estancia. Por esta raz\u00f3n y amparados en dicho C\u00f3digo nos reservamos el derecho de entrada de perros de razas grandes y\/o pertenecientes a las siguientes razas consideradas potencialmente peligrosas o sus cruces o h\u00edbridos: American Staffordshire, Terrier Bullmastiff, Doberman, Dogo Argentino, Dogo de Burdeos, Fila Brasileiro Mast\u00edn Napolitano, Pit Bull Terrier, American Pit Bull Terrier, De presa canario, Rottweiler, Staffordshire Terrier Tosa, Japon\u00e9s Bull Terrier.<\/p>\n<ul>\n<li>S<strong><u>olo se permite una mascota en cada alojamiento, o dos de tama\u00f1o peque\u00f1o<\/u><\/strong><\/li>\n<\/ul>\n<ul>\n<li>El alojamiento de una mascota implica diariamente un aseo y mantenimiento de la caba\u00f1a m\u00e1s profundo de lo habitual, por tal raz\u00f3n debemos cobrar el alojamiento de tu mascota de acuerdo con la tarifa de $80.000 COP.<\/li>\n<\/ul>\n<ul>\n<li>Toda mascota debe traer su propia cama, no se permite que las mascotas se suban ni duerman en las camas ni en el mobiliario de la caba\u00f1a en general.<\/li>\n<\/ul>\n<ul>\n<li>Toda mascota debe estar siempre bajo supervisi\u00f3n de su propietario o un adulto responsable. No se permite dejar la mascota en la caba\u00f1a mientras los hu\u00e9spedes se ausentan.<\/li>\n<\/ul>\n<ul>\n<li>Para salir a pasear por el Refugio deber\u00e1s llevar a tu mascota siempre atada con un collar y correa en buen estado.<\/li>\n<\/ul>\n<ul>\n<li>El propietario tendr\u00e1 la obligaci\u00f3n de mantener la mascota en las debidas condiciones higi\u00e9nicas y sanitarias.<\/li>\n<\/ul>\n<ul>\n<li>No se permite el uso de platos, vasos y otros utensilios del establecimiento para uso o atenci\u00f3n de la mascota.<\/li>\n<\/ul>\n<ul>\n<li>No se permite cepillar mascotas en las habitaciones, ba\u00f1arlas en las duchas ni utilizar las toallas u otros elementos del establecimiento para secarlas<\/li>\n<\/ul>\n<ul>\n<li>Por ning\u00fan motivo se permite que las mascotas hagan sus necesidades adentro de la casa, si accidentalmente esto sucediere el propietario es responsable de recoger los excrementos y limpiar.<\/li>\n<\/ul>\n<ul>\n<li>Cuando la mascota haga sus necesidades en los jardines o en zonas comunes del Refugio ser\u00e1 responsabilidad del propietario limpiar y contar con bolsas pl\u00e1sticas para recoger los excrementos y depositarlos en las canecas rojas.<\/li>\n<\/ul>\n<ul>\n<li>Si tu mascota es un gato deber\u00e1s traer su rascador y arenero con arena suficiente y pala para su limpieza.<\/li>\n<\/ul>\n<ul>\n<li>Los hu\u00e9spedes son responsables de evitar que su mascota altere el orden o tranquilidad de otras personas en el Refugio.<\/li>\n<\/ul>\n<ul>\n<li>El propietario deber\u00e1 portar el carn\u00e9 de vacunaci\u00f3n vigente del animal con todas las vacunas reglamentarias y datos de la mascota como: nombre, fecha de nacimiento con el fin de verificar las vacunas que debe tener de acuerdo a su edad, raza, color, g\u00e9nero y se\u00f1as particulares, datos completos del propietario, del veterinario y N\u00ba de historia cl\u00ednica.<\/li>\n<\/ul>\n<ul>\n<li>Nos reservamos el derecho de entrada de mascotas que muestren signos de condiciones insalubres o enfermedades potencialmente contagiosas, si demuestran un comportamiento agresivo o que incumplan las pol\u00edticas del establecimiento.<\/li>\n<\/ul>\n<ul>\n<li>Cualquier da\u00f1o o perjuicio ocasionado o imputable a la mascota hacia terceros, bienes, inmuebles o cualquier novedad que se presente a causa de su comportamiento ser\u00e1 responsabilidad del propietario y tendr\u00e1 este la obligaci\u00f3n de cubrir los gastos o reparaci\u00f3n de da\u00f1os resultantes a personas, muebles, instalaciones o ropa de cama y dem\u00e1s, y absolver\u00e1 a los empleados del establecimiento de cualquier responsabilidad si la mascota se lesiona o lesiona a alg\u00fan hu\u00e9sped y se facturar\u00e1n al propietario los da\u00f1os y\/o desperfectos ocasionados.<\/li>\n<\/ul>\n<ul>\n<li>Para tu tranquilidad y seguridad procura que tu mascota tenga placa de identificaci\u00f3n o microchip.<\/li>\n<\/ul>\n<p>Es nuestro mayor inter\u00e9s alojar al cliente y su mascota lo mejor posible, sin embargo, nuestra prioridad siempre ser\u00e1n los hu\u00e9spedes, por favor no traigas perros que habitualmente ladran demasiado o son agresivos con las personas u otras mascotas, la queja de alg\u00fan hu\u00e9sped del Refugio ser\u00e1 tomada con la m\u00e1xima seriedad. Se debe respetar incondicionalmente el espacio y la tranquilidad de los dem\u00e1s hu\u00e9spedes.<\/p>\n<ul>\n<li>El hecho de hospedarte con nosotros implica la aceptaci\u00f3n este reglamento, agradecemos el estricto cumplimiento de nuestras normas, al realizar Check in firmaras un Acta en el que aceptas todas las condiciones establecidas.<\/li>\n<\/ul>\n<p>Etiqu\u00e9tanos en redes sociales #RefugioDelNeusa @Refugiodelneusa<\/p>\n\n<p>Vereda Llano Grande &#8211; Tausa Cundinamarca.<\/p>\n\n","protected":false},"excerpt":{"rendered":"<p>POLITICAS Y REGLAMENTO PARA MASCOTAS EN EL REFUGIO Amamos las mascotas, nosotros tenemos las nuestras tambi\u00e9n y sabemos que tu mascota es un miembro m\u00e1s de tu familia, y entendemos que tu viaje no ser\u00eda lo mismo sin el o ella, por eso te permitimos traerla cumpliendo estrictamente con las siguientes reglas: La tenencia de &hellip;<\/p>\n<p class=\"read-more\"> <a class=\"\" href=\"https:\/\/refugiodelneusa.com\/index.php\/politicas-de-mascotas\/\"> <span class=\"screen-reader-text\">Pol\u00edticas de mascotas<\/span> Leer m\u00e1s &raquo;<\/a><\/p>\n","protected":false},"author":1,"featured_media":0,"parent":0,"menu_order":0,"comment_status":"closed","ping_status":"closed","template":"","meta":{"om_disable_all_campaigns":false,"_monsterinsights_skip_tracking":false,"_monsterinsights_sitenote_active":false,"_monsterinsights_sitenote_note":"","_monsterinsights_sitenote_category":0,"_joinchat":[],"footnotes":""},"class_list":["post-1295","page","type-page","status-publish","hentry"],"aioseo_notices":[],"_links":{"self":[{"href":"https:\/\/refugiodelneusa.com\/index.php\/wp-json\/wp\/v2\/pages\/1295","targetHints":{"allow":["GET"]}}],"collection":[{"href":"https:\/\/refugiodelneusa.com\/index.php\/wp-json\/wp\/v2\/pages"}],"about":[{"href":"https:\/\/refugiodelneusa.com\/index.php\/wp-json\/wp\/v2\/types\/page"}],"author":[{"embeddable":true,"href":"https:\/\/refugiodelneusa.com\/index.php\/wp-json\/wp\/v2\/users\/1"}],"replies":[{"embeddable":true,"href":"https:\/\/refugiodelneusa.com\/index.php\/wp-json\/wp\/v2\/comments?post=1295"}],"version-history":[{"count":2,"href":"https:\/\/refugiodelneusa.com\/index.php\/wp-json\/wp\/v2\/pages\/1295\/revisions"}],"predecessor-version":[{"id":1355,"href":"https:\/\/refugiodelneusa.com\/index.php\/wp-json\/wp\/v2\/pages\/1295\/revisions\/1355"}],"wp:attachment":[{"href":"https:\/\/refugiodelneusa.com\/index.php\/wp-json\/wp\/v2\/media?parent=1295"}],"curies":[{"name":"wp","href":"https:\/\/api.w.org\/{rel}","templated":true}]}}