{"id":1292,"date":"2022-10-27T18:06:50","date_gmt":"2022-10-27T18:06:50","guid":{"rendered":"https:\/\/refugiodelneusa.com\/?page_id=1292"},"modified":"2022-10-27T18:06:51","modified_gmt":"2022-10-27T18:06:51","slug":"politicas-del-alojamiento","status":"publish","type":"page","link":"https:\/\/refugiodelneusa.com\/index.php\/politicas-del-alojamiento\/","title":{"rendered":"Pol\u00edticas del alojamiento"},"content":{"rendered":"\n\n\n<p>REGLAS DE TU HOGAR EN EL REFUGIO<\/p>\n\n\n\n<p>Bienvenido, queremos que tomes toda la energ\u00eda que el Refugio te brinda y recargues tu cuerpo y alma. Deseamos lo mejor para ti; y como toda casa tiene reglas, en este se estableci\u00f3 las siguientes:<\/p>\n\n\n\n<ol class=\"wp-block-list\" type=\"1\"><li>Sonr\u00ede, se feliz, disfruta, ama.<\/li><li>Siempre saluda, ayuda a las personas que est\u00e1n en tu hogar del Refugio, (caba\u00f1a o glamping), respeta a tus vecinos, pide las cosas amablemente, da las gracias, habla sin gritar, desp\u00eddete cuando te vayas.<\/li><li>L\u00e1vate las manos m\u00ednimo cada 3 horas con agua y jab\u00f3n. Si tienes las manos limpias usa el gel antibacterial como opci\u00f3n de limpieza de manos.<\/li><li>No puedes fumar dentro de ning\u00fan alojamiento. Si lo haces, que sea en tu zona verde privada, sin incomodar a los dem\u00e1s hu\u00e9spedes.<\/li><li>Parquea en reversa, si no lo hiciste al ingresar hazlo pronto.<\/li><li><strong>Pol\u00edtica de sonido: el refugio debe estar en completa paz de 10pm a 6am, no se permite ruido, no parlantes.<\/strong> Por ser una monta\u00f1a el sonido se amplifica demasiado e inc\u00f3moda la paz del lugar, de no hacerse esto se incurre en una violaci\u00f3n al c\u00f3digo de polic\u00eda, Articulo 33, e incurre en multas.<\/li><li>Nosotros reciclamos, existen puntos de dep\u00f3sito en el parqueadero con el siguiente c\u00f3digo de colores<\/li><\/ol>\n\n\n\n<p>VERDE: Residuos de cocina<\/p>\n\n\n\n<p>BLANCO: Aprovechables: vidrio, metal, cart\u00f3n (sin cuncho: limpios) NEGRO O GRIS: No aprovechables: Papel higi\u00e9nico, servilletas, papeles, cartones (sucios)<\/p>\n\n\n\n<p>ROJO: Residuos peligrosos: guantes tapabocas, hacer doble nudo.<\/p>\n\n\n\n<p>En tu check out te pedimos el favor de que deposites las bolsas en el lugar de acopio (en la entrada del Refugio)<\/p>\n\n\n\n<ul class=\"wp-block-list\"><li><strong><u>Prohibido: <\/u><\/strong><strong><u>Sacar el mobiliario, tendidos de cama, almohadas, cojines a la<\/u><\/strong><strong> <\/strong><strong><u>zona verde, <\/u><\/strong>si lo haces deber\u00e1s pagar un extra.<\/li><li>Eres libre de pasear por los senderos e ir a la minigranja, no debes ingresar a las zonas verdes de los dem\u00e1s alojamientos.<\/li><li>En check in, firmaras el acta de custodia estas aceptando hacerte responsable de lo que se encuentra en tu alojamiento y zona verde; si llegas a da\u00f1ar alg\u00fan objeto o mobiliario ser\u00e1n cobrados.<\/li><\/ul>\n\n\n\n<p>Si llegaste con tu mascota has aceptado los t\u00e9rminos y condiciones, recuerda <strong>no puedes subirlo al mobiliario, ni a las camas<\/strong>; te har\u00e1s responsable de el o ella, si llega a da\u00f1ar alg\u00fan objeto o mobiliarios ser\u00e1n cobrados; si encontramos pelitos en las cobijas te cobraremos lavado externo; no uses ning\u00fan elemento del refugio para limpiar sus necesidades (toallas, cobijas\u2026); el ingreso de la mascota tiene un costo adicional. Los excrementos debes depositarlos en bolsa en las canecas rojas.<\/p>\n\n\n\n<ol class=\"wp-block-list\" type=\"1\"><li>En tu Check out, haremos reconteo del inventario, si has roto o da\u00f1ado algo ser\u00e1 cobrado.<\/li><\/ol>\n\n\n\n<p>Etiqu\u00e9tanos en redes sociales #RefugioDelNeusa @Refugiodelneusa<\/p>\n\n\n\n<p><strong>Refugio del Neusa 3157660292<\/strong><\/p>\n\n\n\n<p>Vereda Llano Grande \u2013 Tausa Cundinamarca.<\/p>\n","protected":false},"excerpt":{"rendered":"<p>REGLAS DE TU HOGAR EN EL REFUGIO Bienvenido, queremos que tomes toda la energ\u00eda que el Refugio te brinda y recargues tu cuerpo y alma. Deseamos lo mejor para ti; y como toda casa tiene reglas, en este se estableci\u00f3 las siguientes: Sonr\u00ede, se feliz, disfruta, ama. Siempre saluda, ayuda a las personas que est\u00e1n &hellip;<\/p>\n<p class=\"read-more\"> <a class=\"\" href=\"https:\/\/refugiodelneusa.com\/index.php\/politicas-del-alojamiento\/\"> <span class=\"screen-reader-text\">Pol\u00edticas del alojamiento<\/span> Leer m\u00e1s &raquo;<\/a><\/p>\n","protected":false},"author":1,"featured_media":0,"parent":0,"menu_order":0,"comment_status":"closed","ping_status":"closed","template":"","meta":{"om_disable_all_campaigns":false,"_monsterinsights_skip_tracking":false,"_monsterinsights_sitenote_active":false,"_monsterinsights_sitenote_note":"","_monsterinsights_sitenote_category":0,"_joinchat":[],"footnotes":""},"class_list":["post-1292","page","type-page","status-publish","hentry"],"aioseo_notices":[],"_links":{"self":[{"href":"https:\/\/refugiodelneusa.com\/index.php\/wp-json\/wp\/v2\/pages\/1292","targetHints":{"allow":["GET"]}}],"collection":[{"href":"https:\/\/refugiodelneusa.com\/index.php\/wp-json\/wp\/v2\/pages"}],"about":[{"href":"https:\/\/refugiodelneusa.com\/index.php\/wp-json\/wp\/v2\/types\/page"}],"author":[{"embeddable":true,"href":"https:\/\/refugiodelneusa.com\/index.php\/wp-json\/wp\/v2\/users\/1"}],"replies":[{"embeddable":true,"href":"https:\/\/refugiodelneusa.com\/index.php\/wp-json\/wp\/v2\/comments?post=1292"}],"version-history":[{"count":1,"href":"https:\/\/refugiodelneusa.com\/index.php\/wp-json\/wp\/v2\/pages\/1292\/revisions"}],"predecessor-version":[{"id":1293,"href":"https:\/\/refugiodelneusa.com\/index.php\/wp-json\/wp\/v2\/pages\/1292\/revisions\/1293"}],"wp:attachment":[{"href":"https:\/\/refugiodelneusa.com\/index.php\/wp-json\/wp\/v2\/media?parent=1292"}],"curies":[{"name":"wp","href":"https:\/\/api.w.org\/{rel}","templated":true}]}}