{"id":129,"date":"2018-03-09T12:47:31","date_gmt":"2018-03-09T12:47:31","guid":{"rendered":"https:\/\/refugiodelneusa.com\/index.php\/rooms\/"},"modified":"2024-06-18T18:33:25","modified_gmt":"2024-06-18T18:33:25","slug":"rooms","status":"publish","type":"page","link":"https:\/\/refugiodelneusa.com\/index.php\/rooms\/","title":{"rendered":"Rooms"},"content":{"rendered":"\n\n\t\t\t<h4>Habitaciones<\/h4><h2>Un Complejo EcoTuristico donde te esperan las m\u00e1s linda de las historias.<\/h2>\t\t\t\n\t\t\t<h5>Para 2 personas<\/h5><h2>CABA\u00d1A PARA 2<\/h2>\t\t\t\n\t\t\t\t<p>Habitaci\u00f3n privada,separada por cerca viva de las dem\u00e1s:<\/p>\n<ul>\n<li>\u00c1rea:20m2+<\/li>\n<li>Zona verde privada.<\/li>\n<li>Ba\u00f1o privado: Incluye amenities.<\/li>\n<li>Sala: C\u00f3modas y mecedoras.<\/li>\n<li>Cama:Doble, ropadecama, almohadas, cojines.<\/li>\n<li>Cocina:Mininevera, estufa, sandwichera, copas, vasos, pocillos, platos, cubiertos, ollas, olleta, sart\u00e9n.<\/li>\n<li>Zona verde privada :mesa tipo picnic, estructura parafogata y asados.<\/li>\n<\/ul>\n\t\t\t<a href=\"https:\/\/engine.lobbypms.com\/refugio-del-neusa\" target=\"_self\" role=\"button\" aria-label=\"Reserva desde 380.000 COP + IMPUESTOS\" rel=\"noopener\">\n\t\t\t\t\t\t\tReserva desde 380.000 COP + IMPUESTOS\n\t\t<\/a>\n\t\t\t<h5>PARA 4 PERSONAS<\/h5><h2>CABA\u00d1A PARA 4<\/h2>\t\t\t\n\t\t\t\t<p>Habitaci\u00f3n privada, se parada por cerca viva de las dem\u00e1s<\/p>\n<ul>\n<li>\u00c1rea:20m2. Zona verde privada.<\/li>\n<li>Ba\u00f1o privado: Incluye amenities.<\/li>\n<li>Sala Cama: Doble y camarotero pie de cama, almohadas, cojines. Mininevera.\u00a0<\/li>\n<li>Zona verde privada: mesa tipo picnic, estructura para fogata y asados.\u00a0<\/li>\n<\/ul>\n\t\t\t<a href=\"https:\/\/engine.lobbypms.com\/refugio-del-neusa\" target=\"_self\" role=\"button\" aria-label=\"RESERVA DESDE 500.000 COP + IMPUESTOS\" rel=\"noopener\">\n\t\t\t\t\t\t\tRESERVA DESDE 500.000 COP + IMPUESTOS\n\t\t<\/a>\n\t\t\t<h5>PARA 10 PERSONAS<\/h5><h2>CABA\u00d1A PARA 10<\/h2>\t\t\t\n\t\t\t\t<p>Caba\u00f1a privada. separada por cerca viva de las dem\u00e1s.<\/p>\n<ul>\n<li>\u00c1rea:72m2<\/li>\n<li>Zona verde privada.<\/li>\n<li>Habitaciones:cantidad 3,<\/li>\n<li>Ropa de\u00a0 cama, almohadas, cojines.<\/li>\n<li>Habitaci\u00f3n 1: cama doble.<\/li>\n<li>Habitaci\u00f3n 2:\u00a0 2 Camarotes.<\/li>\n<li>Habitaci\u00f3n 3: Camara semible y camarote.<\/li>\n<li>Ba\u00f1os privados :cantidad\u00a0 3 con amenities.<\/li>\n<li>Sala:\u00a0 3 sof\u00e1.<\/li>\n<li>Comedor.<\/li>\n<li>Cocina: Nevera ,estufa, sandwichera, licuadora,vasos,pocillos,platos,cubierto s,ollas,olleta,sartenes,utensilios de cocina,jarra,plancha&#8230;<\/li>\n<li>Zona verde privada: mesa tipo picnic, estructura para fogata y asados.<\/li>\n<\/ul>\n<p>\u00a0<\/p>\n\t\t\t<a href=\"\/\/engine.lobbypms.com\/refugio-del-neusa\" target=\"_self\" role=\"button\" aria-label=\"RESERVA DESDE 1.000.000 COP + IMPUESTOS\" rel=\"noopener\">\n\t\t\t\t\t\t\tRESERVA DESDE 1.000.000 COP + IMPUESTOS\n\t\t<\/a>\n\t\t\t<h5>PARA 6 PERSONAS<\/h5><h2>LA QUINTA<\/h2>\t\t\t\n\t\t\t\t<p><strong>A vista al embalse y monta\u00f1a.<\/strong><\/p>\n<p>Caba\u00f1a privada. separada por cerca viva de las dem\u00e1s<\/p>\n<ul>\n<li>\u00c1rea:48m2<\/li>\n<li>Zona verde privada.<\/li>\n<li>Habitaciones:cantidad 2.<\/li>\n<li>Ropa de\u00a0 cama, almohadas, cojines.<\/li>\n<li>Habitaci\u00f3n 1: cama doble.<\/li>\n<li>Habitaci\u00f3n 2:\u00a0 cama semidoble y camarote .<\/li>\n<li>Ba\u00f1os privados 2 :Incluye amenities.<\/li>\n<li>Sala: 1 Sofa y 2 sillas super c\u00f3modas.<\/li>\n<li>Comedor: mesa de comedor y sillas perfectas.<\/li>\n<li>Cocina: Nevera ,estufa, sandwichera, licuadora,vasos,pocillos,platos,cubierto s,ollas,olleta,sartenes,uten silios de cocina,jarra,plancha&#8230;<\/li>\n<li>Zona verde privada: mesa tipo picnic, estructura para fogata y asados.<\/li>\n<\/ul>\n\t\t\t<a href=\"https:\/\/engine.lobbypms.com\/refugio-del-neusa\" target=\"_self\" role=\"button\" aria-label=\"RESERVA DESDE 600.000 COP + IMPUESTOS\" rel=\"noopener\">\n\t\t\t\t\t\t\tRESERVA DESDE 600.000 COP + IMPUESTOS\n\t\t<\/a>\n\t\t\t<h5>Para 2<\/h5><h2>CABA\u00d1A PARA 2 CON JAUZZI<\/h2>\t\t\t\n\t\t\t\t<p>Habitaci\u00f3n privada,separada por cerca viva de las dem\u00e1s:<\/p>\n<ul>\n<li>\u00c1rea:27m2<\/li>\n<li>Zona verde privada.<\/li>\n<li>Ba\u00f1o privado: Incluye lo que amerites.<\/li>\n<li>Cama: Doble ropa de cama, almohadas, cojines.<\/li>\n<li>Jacuzzi<\/li>\n<li>Zona verde privada :mesa tipo picnic, estructura parafogata y asados.<\/li>\n<\/ul>\n\t\t\t<a href=\"https:\/\/engine.lobbypms.com\/refugio-del-neusa\" target=\"_self\" role=\"button\" aria-label=\"Reserva desde 650.000 COP + IMPUESTOS\" rel=\"noopener\">\n\t\t\t\t\t\t\tReserva desde 650.000 COP + IMPUESTOS\n\t\t<\/a>\n\t\t\t<h5>PARA 2 PERSONAS<\/h5><h2>BEDPING<\/h2>\t\t\t\n\t\t\t\t<p><strong>Renueva tu ser<\/strong><\/p>\n<p>Una nueva experiencia de alojamineto para ti:<\/p>\n<ul>\n<li>Cama 2 x 2 M<\/li>\n<li>Colch\u00f3n de 1.40 x 190 cm.<\/li>\n<li>Ba\u00f1os compartidos para mujeres y hombre con agua caliente.<\/li>\n<li>Incluye desayuno y parqueadero<\/li>\n<\/ul>\n\t\t\t<a href=\"https:\/\/engine.lobbypms.com\/refugio-del-neusa\" target=\"_self\" role=\"button\" aria-label=\"RESERVA DESDE 150.000 COP + IMPUESTOS\" rel=\"noopener\">\n\t\t\t\t\t\t\tRESERVA DESDE 150.000 COP + IMPUESTOS\n\t\t<\/a>\n\t<h4>\n\t\t\t\tconoce m\u00e1s de nosotros siguiendos en redes sociales\n\t\t\t<\/h4>\n\t\t\t<a href=\"https:\/\/www.google.com\/maps\/dir\/\/REFUGIO+DEL+NEUSA\/data=!4m6!4m5!1m1!4e2!1m2!1m1!1s0x8e4069012f755dc5:0x1d897901ea350f22?sa=X&#038;ved=2ahUKEwjBodCJ5uf6AhXQLEQIHY8IBlwQ9Rd6BQiKARAE\" target=\"_self\" role=\"button\" aria-label=\"DA CLICK PARA LLEGAR\" rel=\"noopener\">\n\t\t\t\t\t\t\tDA CLICK PARA LLEGAR\n\t\t<\/a>\n\t<h4>\n\t\t\t\tReciba ya una oferta especial\n\t\t\t<\/h4>\n\t\t\t<a href=\"https:\/\/engine.lobbypms.com\/refugio-del-neusa\" target=\"_self\" role=\"button\" aria-label=\"RESERVA\" rel=\"noopener\">\n\t\t\t\t\t\t\tRESERVA\n\t\t<\/a>\n\n","protected":false},"excerpt":{"rendered":"<p>Habitaciones Un Complejo EcoTuristico donde te esperan las m\u00e1s linda de las historias. Para 2 personas CABA\u00d1A PARA 2 Habitaci\u00f3n privada,separada por cerca viva de las dem\u00e1s: \u00c1rea:20m2+ Zona verde privada. Ba\u00f1o privado: Incluye amenities. Sala: C\u00f3modas y mecedoras. Cama:Doble, ropadecama, almohadas, cojines. Cocina:Mininevera, estufa, sandwichera, copas, vasos, pocillos, platos, cubiertos, ollas, olleta, sart\u00e9n. Zona &hellip;<\/p>\n<p class=\"read-more\"> <a class=\"\" href=\"https:\/\/refugiodelneusa.com\/index.php\/rooms\/\"> <span class=\"screen-reader-text\">Rooms<\/span> Leer m\u00e1s &raquo;<\/a><\/p>\n","protected":false},"author":1,"featured_media":0,"parent":0,"menu_order":0,"comment_status":"closed","ping_status":"closed","template":"","meta":{"om_disable_all_campaigns":false,"_monsterinsights_skip_tracking":false,"_monsterinsights_sitenote_active":false,"_monsterinsights_sitenote_note":"","_monsterinsights_sitenote_category":0,"_joinchat":[],"footnotes":""},"class_list":["post-129","page","type-page","status-publish","hentry"],"aioseo_notices":[],"_links":{"self":[{"href":"https:\/\/refugiodelneusa.com\/index.php\/wp-json\/wp\/v2\/pages\/129","targetHints":{"allow":["GET"]}}],"collection":[{"href":"https:\/\/refugiodelneusa.com\/index.php\/wp-json\/wp\/v2\/pages"}],"about":[{"href":"https:\/\/refugiodelneusa.com\/index.php\/wp-json\/wp\/v2\/types\/page"}],"author":[{"embeddable":true,"href":"https:\/\/refugiodelneusa.com\/index.php\/wp-json\/wp\/v2\/users\/1"}],"replies":[{"embeddable":true,"href":"https:\/\/refugiodelneusa.com\/index.php\/wp-json\/wp\/v2\/comments?post=129"}],"version-history":[{"count":25,"href":"https:\/\/refugiodelneusa.com\/index.php\/wp-json\/wp\/v2\/pages\/129\/revisions"}],"predecessor-version":[{"id":1431,"href":"https:\/\/refugiodelneusa.com\/index.php\/wp-json\/wp\/v2\/pages\/129\/revisions\/1431"}],"wp:attachment":[{"href":"https:\/\/refugiodelneusa.com\/index.php\/wp-json\/wp\/v2\/media?parent=129"}],"curies":[{"name":"wp","href":"https:\/\/api.w.org\/{rel}","templated":true}]}}